{"id":15862,"date":"2021-09-27T15:58:19","date_gmt":"2021-09-27T15:58:19","guid":{"rendered":"https:\/\/telema.com\/einvoicing\/homepage\/"},"modified":"2025-08-18T12:18:40","modified_gmt":"2025-08-18T12:18:40","slug":"homepage","status":"publish","type":"page","link":"https:\/\/telema.com\/einvoicing\/lv\/","title":{"rendered":"Home"},"content":{"rendered":"","protected":false},"excerpt":{"rendered":"","protected":false},"author":1,"featured_media":0,"parent":0,"menu_order":0,"comment_status":"closed","ping_status":"closed","template":"template-pagebuilder.php","meta":{"_acf_changed":false,"inline_featured_image":false,"footnotes":""},"class_list":["post-15862","page","type-page","status-publish","hentry"],"acf":[],"yoast_head":"<!-- This site is optimized with the Yoast SEO plugin v27.5 - https:\/\/yoast.com\/product\/yoast-seo-wordpress\/ -->\n<title>Telema E-r\u0113\u0137ini<\/title>\n<meta name=\"description\" content=\"Vienk\u0101r\u0161a, atbilsto\u0161a e-r\u0113\u0137inu izrakst\u012b\u0161ana \u0101tr\u0101kiem maks\u0101jumiem Baltij\u0101, Somij\u0101 un Peppol\" \/>\n<meta name=\"robots\" content=\"index, follow, max-snippet:-1, max-image-preview:large, max-video-preview:-1\" \/>\n<link rel=\"canonical\" href=\"https:\/\/telema.com\/einvoicing\/\" \/>\n<meta property=\"og:locale\" content=\"lv_LV\" \/>\n<meta property=\"og:type\" content=\"article\" \/>\n<meta property=\"og:title\" content=\"Telema E-r\u0113\u0137ini\" \/>\n<meta property=\"og:description\" content=\"Vienk\u0101r\u0161a, atbilsto\u0161a e-r\u0113\u0137inu izrakst\u012b\u0161ana \u0101tr\u0101kiem maks\u0101jumiem Baltij\u0101, Somij\u0101 un Peppol\" \/>\n<meta property=\"og:url\" content=\"https:\/\/telema.com\/einvoicing\/\" \/>\n<meta property=\"og:site_name\" content=\"Telema eInvoicing\" \/>\n<meta property=\"article:modified_time\" content=\"2025-08-18T12:18:40+00:00\" \/>\n<meta name=\"twitter:card\" content=\"summary_large_image\" \/>\n<script type=\"application\/ld+json\" class=\"yoast-schema-graph\">{\"@context\":\"https:\\\/\\\/schema.org\",\"@graph\":[{\"@type\":\"WebPage\",\"@id\":\"https:\\\/\\\/telema.com\\\/einvoicing\\\/\",\"url\":\"https:\\\/\\\/telema.com\\\/einvoicing\\\/\",\"name\":\"Telema E-r\u0113\u0137ini\",\"isPartOf\":{\"@id\":\"https:\\\/\\\/telema.com\\\/einvoicing\\\/#website\"},\"datePublished\":\"2021-09-27T15:58:19+00:00\",\"dateModified\":\"2025-08-18T12:18:40+00:00\",\"description\":\"Vienk\u0101r\u0161a, atbilsto\u0161a e-r\u0113\u0137inu izrakst\u012b\u0161ana \u0101tr\u0101kiem maks\u0101jumiem Baltij\u0101, Somij\u0101 un Peppol\",\"breadcrumb\":{\"@id\":\"https:\\\/\\\/telema.com\\\/einvoicing\\\/#breadcrumb\"},\"inLanguage\":\"lv-LV\",\"potentialAction\":[{\"@type\":\"ReadAction\",\"target\":[\"https:\\\/\\\/telema.com\\\/einvoicing\\\/\"]}]},{\"@type\":\"BreadcrumbList\",\"@id\":\"https:\\\/\\\/telema.com\\\/einvoicing\\\/#breadcrumb\",\"itemListElement\":[{\"@type\":\"ListItem\",\"position\":1,\"name\":\"Home\",\"item\":\"https:\\\/\\\/telema.com\\\/einvoicing\\\/\"},{\"@type\":\"ListItem\",\"position\":2,\"name\":\"Home\"}]},{\"@type\":\"WebSite\",\"@id\":\"https:\\\/\\\/telema.com\\\/einvoicing\\\/#website\",\"url\":\"https:\\\/\\\/telema.com\\\/einvoicing\\\/\",\"name\":\"Telema eInvoicing\",\"description\":\"\",\"potentialAction\":[{\"@type\":\"SearchAction\",\"target\":{\"@type\":\"EntryPoint\",\"urlTemplate\":\"https:\\\/\\\/telema.com\\\/einvoicing\\\/?s={search_term_string}\"},\"query-input\":{\"@type\":\"PropertyValueSpecification\",\"valueRequired\":true,\"valueName\":\"search_term_string\"}}],\"inLanguage\":\"lv-LV\"}]}<\/script>\n<!-- \/ Yoast SEO plugin. -->","yoast_head_json":{"title":"Telema E-r\u0113\u0137ini","description":"Vienk\u0101r\u0161a, atbilsto\u0161a e-r\u0113\u0137inu izrakst\u012b\u0161ana \u0101tr\u0101kiem maks\u0101jumiem Baltij\u0101, Somij\u0101 un Peppol","robots":{"index":"index","follow":"follow","max-snippet":"max-snippet:-1","max-image-preview":"max-image-preview:large","max-video-preview":"max-video-preview:-1"},"canonical":"https:\/\/telema.com\/einvoicing\/","og_locale":"lv_LV","og_type":"article","og_title":"Telema E-r\u0113\u0137ini","og_description":"Vienk\u0101r\u0161a, atbilsto\u0161a e-r\u0113\u0137inu izrakst\u012b\u0161ana \u0101tr\u0101kiem maks\u0101jumiem Baltij\u0101, Somij\u0101 un Peppol","og_url":"https:\/\/telema.com\/einvoicing\/","og_site_name":"Telema eInvoicing","article_modified_time":"2025-08-18T12:18:40+00:00","twitter_card":"summary_large_image","schema":{"@context":"https:\/\/schema.org","@graph":[{"@type":"WebPage","@id":"https:\/\/telema.com\/einvoicing\/","url":"https:\/\/telema.com\/einvoicing\/","name":"Telema E-r\u0113\u0137ini","isPartOf":{"@id":"https:\/\/telema.com\/einvoicing\/#website"},"datePublished":"2021-09-27T15:58:19+00:00","dateModified":"2025-08-18T12:18:40+00:00","description":"Vienk\u0101r\u0161a, atbilsto\u0161a e-r\u0113\u0137inu izrakst\u012b\u0161ana \u0101tr\u0101kiem maks\u0101jumiem Baltij\u0101, Somij\u0101 un Peppol","breadcrumb":{"@id":"https:\/\/telema.com\/einvoicing\/#breadcrumb"},"inLanguage":"lv-LV","potentialAction":[{"@type":"ReadAction","target":["https:\/\/telema.com\/einvoicing\/"]}]},{"@type":"BreadcrumbList","@id":"https:\/\/telema.com\/einvoicing\/#breadcrumb","itemListElement":[{"@type":"ListItem","position":1,"name":"Home","item":"https:\/\/telema.com\/einvoicing\/"},{"@type":"ListItem","position":2,"name":"Home"}]},{"@type":"WebSite","@id":"https:\/\/telema.com\/einvoicing\/#website","url":"https:\/\/telema.com\/einvoicing\/","name":"Telema eInvoicing","description":"","potentialAction":[{"@type":"SearchAction","target":{"@type":"EntryPoint","urlTemplate":"https:\/\/telema.com\/einvoicing\/?s={search_term_string}"},"query-input":{"@type":"PropertyValueSpecification","valueRequired":true,"valueName":"search_term_string"}}],"inLanguage":"lv-LV"}]}},"_links":{"self":[{"href":"https:\/\/telema.com\/einvoicing\/lv\/wp-json\/wp\/v2\/pages\/15862","targetHints":{"allow":["GET"]}}],"collection":[{"href":"https:\/\/telema.com\/einvoicing\/lv\/wp-json\/wp\/v2\/pages"}],"about":[{"href":"https:\/\/telema.com\/einvoicing\/lv\/wp-json\/wp\/v2\/types\/page"}],"author":[{"embeddable":true,"href":"https:\/\/telema.com\/einvoicing\/lv\/wp-json\/wp\/v2\/users\/1"}],"replies":[{"embeddable":true,"href":"https:\/\/telema.com\/einvoicing\/lv\/wp-json\/wp\/v2\/comments?post=15862"}],"version-history":[{"count":14,"href":"https:\/\/telema.com\/einvoicing\/lv\/wp-json\/wp\/v2\/pages\/15862\/revisions"}],"predecessor-version":[{"id":16220,"href":"https:\/\/telema.com\/einvoicing\/lv\/wp-json\/wp\/v2\/pages\/15862\/revisions\/16220"}],"wp:attachment":[{"href":"https:\/\/telema.com\/einvoicing\/lv\/wp-json\/wp\/v2\/media?parent=15862"}],"curies":[{"name":"wp","href":"https:\/\/api.w.org\/{rel}","templated":true}]}}