{"id":15863,"date":"2021-09-27T15:58:19","date_gmt":"2021-09-27T15:58:19","guid":{"rendered":"https:\/\/telema.com\/einvoicing\/homepage\/"},"modified":"2025-09-01T07:22:03","modified_gmt":"2025-09-01T07:22:03","slug":"homepage","status":"publish","type":"page","link":"https:\/\/telema.com\/einvoicing\/lt\/","title":{"rendered":"Home"},"content":{"rendered":"","protected":false},"excerpt":{"rendered":"","protected":false},"author":1,"featured_media":15702,"parent":0,"menu_order":0,"comment_status":"closed","ping_status":"closed","template":"template-pagebuilder.php","meta":{"_acf_changed":false,"inline_featured_image":false,"footnotes":""},"class_list":["post-15863","page","type-page","status-publish","has-post-thumbnail","hentry"],"acf":[],"yoast_head":"<!-- This site is optimized with the Yoast SEO plugin v27.5 - https:\/\/yoast.com\/product\/yoast-seo-wordpress\/ -->\n<title>Telema E-invoicing | Paprastas e-s\u0105skait\u0173 i\u0161ra\u0161ymas<\/title>\n<meta name=\"description\" content=\"Paprastas, atitinkantis reikalavimus e-s\u0105skait\u0173 i\u0161ra\u0161ymas greitesniems mok\u0117jimams Baltijos \u0161alyse, Suomijoje ir Europoje\" \/>\n<meta name=\"robots\" content=\"index, follow, max-snippet:-1, max-image-preview:large, max-video-preview:-1\" \/>\n<link rel=\"canonical\" href=\"https:\/\/telema.com\/einvoicing\/\" \/>\n<meta property=\"og:locale\" content=\"lt_LT\" \/>\n<meta property=\"og:type\" content=\"article\" \/>\n<meta property=\"og:title\" content=\"Telema E-invoicing | Paprastas e-s\u0105skait\u0173 i\u0161ra\u0161ymas\" \/>\n<meta property=\"og:description\" content=\"Paprastas, atitinkantis reikalavimus e-s\u0105skait\u0173 i\u0161ra\u0161ymas greitesniems mok\u0117jimams Baltijos \u0161alyse, Suomijoje ir Europoje\" \/>\n<meta property=\"og:url\" content=\"https:\/\/telema.com\/einvoicing\/\" \/>\n<meta property=\"og:site_name\" content=\"Telema eInvoicing\" \/>\n<meta property=\"article:modified_time\" content=\"2025-09-01T07:22:03+00:00\" \/>\n<meta property=\"og:image\" content=\"https:\/\/telema.com\/einvoicing\/wp-content\/uploads\/2022\/12\/main.jpg\" \/>\n\t<meta property=\"og:image:width\" content=\"684\" \/>\n\t<meta property=\"og:image:height\" content=\"637\" \/>\n\t<meta property=\"og:image:type\" content=\"image\/jpeg\" \/>\n<meta name=\"twitter:card\" content=\"summary_large_image\" \/>\n<meta name=\"twitter:label1\" content=\"Est. reading time\" \/>\n\t<meta name=\"twitter:data1\" content=\"1 minut\u0117\" \/>\n<script type=\"application\/ld+json\" class=\"yoast-schema-graph\">{\"@context\":\"https:\\\/\\\/schema.org\",\"@graph\":[{\"@type\":\"WebPage\",\"@id\":\"https:\\\/\\\/telema.com\\\/einvoicing\\\/\",\"url\":\"https:\\\/\\\/telema.com\\\/einvoicing\\\/\",\"name\":\"Telema E-invoicing | Paprastas e-s\u0105skait\u0173 i\u0161ra\u0161ymas\",\"isPartOf\":{\"@id\":\"https:\\\/\\\/telema.com\\\/einvoicing\\\/#website\"},\"primaryImageOfPage\":{\"@id\":\"https:\\\/\\\/telema.com\\\/einvoicing\\\/#primaryimage\"},\"image\":{\"@id\":\"https:\\\/\\\/telema.com\\\/einvoicing\\\/#primaryimage\"},\"thumbnailUrl\":\"https:\\\/\\\/telema.com\\\/einvoicing\\\/wp-content\\\/uploads\\\/2022\\\/12\\\/main.jpg\",\"datePublished\":\"2021-09-27T15:58:19+00:00\",\"dateModified\":\"2025-09-01T07:22:03+00:00\",\"description\":\"Paprastas, atitinkantis reikalavimus e-s\u0105skait\u0173 i\u0161ra\u0161ymas greitesniems mok\u0117jimams Baltijos \u0161alyse, Suomijoje ir Europoje\",\"breadcrumb\":{\"@id\":\"https:\\\/\\\/telema.com\\\/einvoicing\\\/#breadcrumb\"},\"inLanguage\":\"lt-LT\",\"potentialAction\":[{\"@type\":\"ReadAction\",\"target\":[\"https:\\\/\\\/telema.com\\\/einvoicing\\\/\"]}]},{\"@type\":\"ImageObject\",\"inLanguage\":\"lt-LT\",\"@id\":\"https:\\\/\\\/telema.com\\\/einvoicing\\\/#primaryimage\",\"url\":\"https:\\\/\\\/telema.com\\\/einvoicing\\\/wp-content\\\/uploads\\\/2022\\\/12\\\/main.jpg\",\"contentUrl\":\"https:\\\/\\\/telema.com\\\/einvoicing\\\/wp-content\\\/uploads\\\/2022\\\/12\\\/main.jpg\",\"width\":684,\"height\":637},{\"@type\":\"BreadcrumbList\",\"@id\":\"https:\\\/\\\/telema.com\\\/einvoicing\\\/#breadcrumb\",\"itemListElement\":[{\"@type\":\"ListItem\",\"position\":1,\"name\":\"Home\",\"item\":\"https:\\\/\\\/telema.com\\\/einvoicing\\\/\"},{\"@type\":\"ListItem\",\"position\":2,\"name\":\"Home\"}]},{\"@type\":\"WebSite\",\"@id\":\"https:\\\/\\\/telema.com\\\/einvoicing\\\/#website\",\"url\":\"https:\\\/\\\/telema.com\\\/einvoicing\\\/\",\"name\":\"Telema eInvoicing\",\"description\":\"\",\"potentialAction\":[{\"@type\":\"SearchAction\",\"target\":{\"@type\":\"EntryPoint\",\"urlTemplate\":\"https:\\\/\\\/telema.com\\\/einvoicing\\\/?s={search_term_string}\"},\"query-input\":{\"@type\":\"PropertyValueSpecification\",\"valueRequired\":true,\"valueName\":\"search_term_string\"}}],\"inLanguage\":\"lt-LT\"}]}<\/script>\n<!-- \/ Yoast SEO plugin. -->","yoast_head_json":{"title":"Telema E-invoicing | Paprastas e-s\u0105skait\u0173 i\u0161ra\u0161ymas","description":"Paprastas, atitinkantis reikalavimus e-s\u0105skait\u0173 i\u0161ra\u0161ymas greitesniems mok\u0117jimams Baltijos \u0161alyse, Suomijoje ir Europoje","robots":{"index":"index","follow":"follow","max-snippet":"max-snippet:-1","max-image-preview":"max-image-preview:large","max-video-preview":"max-video-preview:-1"},"canonical":"https:\/\/telema.com\/einvoicing\/","og_locale":"lt_LT","og_type":"article","og_title":"Telema E-invoicing | Paprastas e-s\u0105skait\u0173 i\u0161ra\u0161ymas","og_description":"Paprastas, atitinkantis reikalavimus e-s\u0105skait\u0173 i\u0161ra\u0161ymas greitesniems mok\u0117jimams Baltijos \u0161alyse, Suomijoje ir Europoje","og_url":"https:\/\/telema.com\/einvoicing\/","og_site_name":"Telema eInvoicing","article_modified_time":"2025-09-01T07:22:03+00:00","og_image":[{"width":684,"height":637,"url":"https:\/\/telema.com\/einvoicing\/wp-content\/uploads\/2022\/12\/main.jpg","type":"image\/jpeg"}],"twitter_card":"summary_large_image","twitter_misc":{"Est. reading time":"1 minut\u0117"},"schema":{"@context":"https:\/\/schema.org","@graph":[{"@type":"WebPage","@id":"https:\/\/telema.com\/einvoicing\/","url":"https:\/\/telema.com\/einvoicing\/","name":"Telema E-invoicing | Paprastas e-s\u0105skait\u0173 i\u0161ra\u0161ymas","isPartOf":{"@id":"https:\/\/telema.com\/einvoicing\/#website"},"primaryImageOfPage":{"@id":"https:\/\/telema.com\/einvoicing\/#primaryimage"},"image":{"@id":"https:\/\/telema.com\/einvoicing\/#primaryimage"},"thumbnailUrl":"https:\/\/telema.com\/einvoicing\/wp-content\/uploads\/2022\/12\/main.jpg","datePublished":"2021-09-27T15:58:19+00:00","dateModified":"2025-09-01T07:22:03+00:00","description":"Paprastas, atitinkantis reikalavimus e-s\u0105skait\u0173 i\u0161ra\u0161ymas greitesniems mok\u0117jimams Baltijos \u0161alyse, Suomijoje ir Europoje","breadcrumb":{"@id":"https:\/\/telema.com\/einvoicing\/#breadcrumb"},"inLanguage":"lt-LT","potentialAction":[{"@type":"ReadAction","target":["https:\/\/telema.com\/einvoicing\/"]}]},{"@type":"ImageObject","inLanguage":"lt-LT","@id":"https:\/\/telema.com\/einvoicing\/#primaryimage","url":"https:\/\/telema.com\/einvoicing\/wp-content\/uploads\/2022\/12\/main.jpg","contentUrl":"https:\/\/telema.com\/einvoicing\/wp-content\/uploads\/2022\/12\/main.jpg","width":684,"height":637},{"@type":"BreadcrumbList","@id":"https:\/\/telema.com\/einvoicing\/#breadcrumb","itemListElement":[{"@type":"ListItem","position":1,"name":"Home","item":"https:\/\/telema.com\/einvoicing\/"},{"@type":"ListItem","position":2,"name":"Home"}]},{"@type":"WebSite","@id":"https:\/\/telema.com\/einvoicing\/#website","url":"https:\/\/telema.com\/einvoicing\/","name":"Telema eInvoicing","description":"","potentialAction":[{"@type":"SearchAction","target":{"@type":"EntryPoint","urlTemplate":"https:\/\/telema.com\/einvoicing\/?s={search_term_string}"},"query-input":{"@type":"PropertyValueSpecification","valueRequired":true,"valueName":"search_term_string"}}],"inLanguage":"lt-LT"}]}},"_links":{"self":[{"href":"https:\/\/telema.com\/einvoicing\/lt\/wp-json\/wp\/v2\/pages\/15863","targetHints":{"allow":["GET"]}}],"collection":[{"href":"https:\/\/telema.com\/einvoicing\/lt\/wp-json\/wp\/v2\/pages"}],"about":[{"href":"https:\/\/telema.com\/einvoicing\/lt\/wp-json\/wp\/v2\/types\/page"}],"author":[{"embeddable":true,"href":"https:\/\/telema.com\/einvoicing\/lt\/wp-json\/wp\/v2\/users\/1"}],"replies":[{"embeddable":true,"href":"https:\/\/telema.com\/einvoicing\/lt\/wp-json\/wp\/v2\/comments?post=15863"}],"version-history":[{"count":14,"href":"https:\/\/telema.com\/einvoicing\/lt\/wp-json\/wp\/v2\/pages\/15863\/revisions"}],"predecessor-version":[{"id":16255,"href":"https:\/\/telema.com\/einvoicing\/lt\/wp-json\/wp\/v2\/pages\/15863\/revisions\/16255"}],"wp:featuredmedia":[{"embeddable":true,"href":"https:\/\/telema.com\/einvoicing\/lt\/wp-json\/wp\/v2\/media\/15702"}],"wp:attachment":[{"href":"https:\/\/telema.com\/einvoicing\/lt\/wp-json\/wp\/v2\/media?parent=15863"}],"curies":[{"name":"wp","href":"https:\/\/api.w.org\/{rel}","templated":true}]}}